{"id":995,"date":"2025-09-08T10:30:37","date_gmt":"2025-09-08T10:30:37","guid":{"rendered":"https:\/\/migliorart.com\/imprint\/"},"modified":"2025-09-08T11:39:11","modified_gmt":"2025-09-08T11:39:11","slug":"imprint","status":"publish","type":"page","link":"https:\/\/migliorart.com\/en\/imprint\/","title":{"rendered":"Imprint"},"content":{"rendered":"<style>.elementor-995 .elementor-element.elementor-element-dd91417{margin-top:50px;margin-bottom:50px;}.elementor-995 .elementor-element.elementor-element-6cb5ab6 .elementor-heading-title{font-family:var( --e-global-typography-primary-font-family ), Sans-serif;font-size:var( --e-global-typography-primary-font-size );font-weight:var( --e-global-typography-primary-font-weight );}:root{--page-title-display:none;}@media(max-width:1024px){.elementor-995 .elementor-element.elementor-element-6cb5ab6 .elementor-heading-title{font-size:var( --e-global-typography-primary-font-size );}}@media(max-width:767px){.elementor-995 .elementor-element.elementor-element-6cb5ab6 .elementor-heading-title{font-size:var( --e-global-typography-primary-font-size );}}<\/style>\t\t<div data-elementor-type=\"wp-page\" data-elementor-id=\"995\" class=\"elementor elementor-995 elementor-875\" data-elementor-post-type=\"page\">\n\t\t\t\t\t\t<section class=\"elementor-section elementor-top-section elementor-element elementor-element-dd91417 elementor-section-boxed elementor-section-height-default elementor-section-height-default\" data-id=\"dd91417\" data-element_type=\"section\" data-settings=\"{&quot;mdp_selection_sticky_effect_enable&quot;:false}\">\n\t\t\t\t\t\t<div class=\"elementor-container elementor-column-gap-default\">\n\t\t\t\t\t<div class=\"elementor-column elementor-col-100 elementor-top-column elementor-element elementor-element-4b5aafd\" data-id=\"4b5aafd\" data-element_type=\"column\" data-settings=\"{&quot;mdp_selection_sticky_column_effect_enable&quot;:false}\">\n\t\t\t<div class=\"elementor-widget-wrap elementor-element-populated\">\n\t\t\t\t\t\t<div class=\"elementor-element elementor-element-6cb5ab6 elementor-widget elementor-widget-heading\" data-id=\"6cb5ab6\" data-element_type=\"widget\" data-widget_type=\"heading.default\">\n\t\t\t\t<div class=\"elementor-widget-container\">\n\t\t\t\t\t<h1 class=\"elementor-heading-title elementor-size-default\">Imprint<\/h1>\t\t\t\t<\/div>\n\t\t\t\t<\/div>\n\t\t\t\t<div class=\"elementor-element elementor-element-f9e5392 elementor-widget elementor-widget-text-editor\" data-id=\"f9e5392\" data-element_type=\"widget\" data-widget_type=\"text-editor.default\">\n\t\t\t\t<div class=\"elementor-widget-container\">\n\t\t\t\t\t\t\t\t\t<p class=\"adsimple-123048907\">Information about the service provider.<\/p><p><strong>MigliorArt<\/strong><\/p><p class=\"adsimple-123048907\">Gernot Schmerlaib<\/p><p class=\"adsimple-123048907\">Rossmarkt 3\/Top 2.1,<br>9400 Wolfsberg,<br>Austria<\/p><p><strong>Tel.:<\/strong> +436769337696<br><strong>Email:<\/strong> <a href=\"mailto:info@migliorart.com\">info@migliorart.com<\/a><\/p><p><strong>Business purpose:<\/strong> Business consulting including business organization<br><strong>VAT ID:<\/strong> ATU67317566<br><strong>Member of:<\/strong> WKO K\u00e4rnten<\/p><p><strong>Supervisory authority:<\/strong><br>Bezirkshauptmannschaft Wolfsberg<\/p><p><strong>Professional title:<\/strong> Business consultant<br><strong>State of award:<\/strong> Austria<\/p><p><strong>Data Protection Officer<\/strong><br>Gernot Schmerlaib<br>info@migliorart.com<br><strong>Imprint:<\/strong> www.migliorart.com\/impressum<\/p><h2 id=\"bildernachweis\" class=\"adsimple-123048907 fusion-responsive-typography-calculated\" data-fontsize=\"24\" data-lineheight=\"36px\">Image Credits<\/h2><p class=\"adsimple-123048907\">The images, photos, and graphics on this website are protected by copyright.<\/p><p><strong>Image rights held by:<\/strong><br>Gernot Schmerlaib<br>Katja P\u00e1l<br>Claudio Mario Feruglio<br>Martina Braun<br>Maru\u0161a \u0160u\u0161tar<\/p><p>All texts are protected by copyright.<\/p><p>Source: Created with the <a title=\"Imprint Generator Austria by AdSimple\" href=\"https:\/\/www.adsimple.at\/impressum-generator\/\" target=\"_blank\" rel=\"noopener\">Imprint Generator<\/a> by AdSimple<\/p>\t\t\t\t\t\t\t\t<\/div>\n\t\t\t\t<\/div>\n\t\t\t\t\t<\/div>\n\t\t<\/div>\n\t\t\t\t\t<\/div>\n\t\t<\/section>\n\t\t\t\t<\/div>\n\t\t","protected":false},"excerpt":{"rendered":"<p>Imprint Information about the service provider. MigliorArt Gernot Schmerlaib Rossmarkt 3\/Top 2.1,9400 Wolfsberg,Austria Tel.: +436769337696Email: info@migliorart.com Business purpose: Business consulting including business organizationVAT ID: ATU67317566Member of: WKO K\u00e4rnten Supervisory authority:Bezirkshauptmannschaft Wolfsberg Professional title: Business consultantState of award: Austria Data Protection OfficerGernot Schmerlaibinfo@migliorart.comImprint: www.migliorart.com\/impressum Image Credits The images, photos, and graphics on this website are protected [&hellip;]<\/p>\n","protected":false},"author":1,"featured_media":0,"parent":0,"menu_order":0,"comment_status":"closed","ping_status":"closed","template":"","meta":{"iawp_total_views":3,"footnotes":""},"class_list":["post-995","page","type-page","status-publish","hentry"],"_links":{"self":[{"href":"https:\/\/migliorart.com\/en\/wp-json\/wp\/v2\/pages\/995","targetHints":{"allow":["GET"]}}],"collection":[{"href":"https:\/\/migliorart.com\/en\/wp-json\/wp\/v2\/pages"}],"about":[{"href":"https:\/\/migliorart.com\/en\/wp-json\/wp\/v2\/types\/page"}],"author":[{"embeddable":true,"href":"https:\/\/migliorart.com\/en\/wp-json\/wp\/v2\/users\/1"}],"replies":[{"embeddable":true,"href":"https:\/\/migliorart.com\/en\/wp-json\/wp\/v2\/comments?post=995"}],"version-history":[{"count":1,"href":"https:\/\/migliorart.com\/en\/wp-json\/wp\/v2\/pages\/995\/revisions"}],"predecessor-version":[{"id":996,"href":"https:\/\/migliorart.com\/en\/wp-json\/wp\/v2\/pages\/995\/revisions\/996"}],"wp:attachment":[{"href":"https:\/\/migliorart.com\/en\/wp-json\/wp\/v2\/media?parent=995"}],"curies":[{"name":"wp","href":"https:\/\/api.w.org\/{rel}","templated":true}]}}